{"id":2,"date":"2007-10-29T11:32:51","date_gmt":"2007-10-29T09:32:51","guid":{"rendered":""},"modified":"2021-03-03T13:27:51","modified_gmt":"2021-03-03T11:27:51","slug":"about","status":"publish","type":"page","link":"https:\/\/www.thomasgericke.de\/v4\/interactive\/blog\/about\/","title":{"rendered":"About \/ Imprint"},"content":{"rendered":"<p>Thomas Gericke<br \/><a href=\"mailto:thomas@thomasgericke.de\">thomas@thomasgericke.de<\/a><br \/>Phone number upon request \/\/ Telefonnummer auf Anfrage<\/p>\n<p><img loading=\"lazy\" decoding=\"async\" class=\"alignleft wp-image-13381\" src=\"\/v4\/interactive\/blog\/wp-content\/uploads\/2021\/01\/IMG_3339.jpg\" alt=\"\" width=\"250\" height=\"374\"><br \/>I&#8217;d like to introduce myself. May I?<\/p>\n<p>I&#8217;m kind of a normal German guy, born in 1976, raised in northern Germany, now living in Nuremberg, Bavaria, southern Germany. To make my money, I work hard and most of the time as a leading IT-Specialist since 1998.<\/p>\n<p>In this blog, I do post various articles concerning technology, daily life, photography and more.<\/p>\n<p>I love programming stuff nobody really needs but some people like. My passion is to dig deep into non-trivial problems and solve them &#8211; sometimes in an unusual way.<\/p>\n<p style=\"text-align: center;\"><em>&#8220;Most of our fantasies resolve when we wake, vanished<br \/>to the back of our mind, but sometimes we&#8217;re sure<br \/>if we try hard enough &#8211; we can live the dream.&#8221;<\/em><br \/>Dr. Meredith Grey<\/p>\n<p>If interested, you may find further information about me on either my <a href=\"http:\/\/www.thomasgericke.de\/\" target=\"_blank\" rel=\"noopener\">homepage<\/a> (including diary and guestbook), my <a href=\"http:\/\/photoart.thomasgericke.de\/\" target=\"_blank\" rel=\"noopener\">photoart photo blog<\/a>, my <a href=\"http:\/\/www.facebook.com\/thomasgericke\">facebook profile<\/a> or my <a href=\"http:\/\/gallery.thomasgericke.de\/\">photo gallery<\/a>.<\/p>\n<h3><strong>Disclaimer \/\/ Impressum<\/strong><\/h3>\n<table border=\"0\" cellpadding=\"10\">\n<tbody>\n<tr>\n<td><strong>Content<\/strong><\/td>\n<td><strong>Inhalt<\/strong><\/td>\n<\/tr>\n<tr style=\"font-size: 8pt;\" align=\"left\" valign=\"top\">\n<td>The author reserves the right not to be responsible for the topicality, correctness, completeness or quality of the information provided. Liability claims regarding damage caused by the use of any information provided, including any kind of information which is incomplete or incorrect,will therefore be rejected.<br \/>All offers are not-binding and without obligation. Parts of the pages or the complete publication including all offers and information might be extended, changed or partly or completely deleted by the author without separate announcement.<\/td>\n<td align=\"left\" valign=\"top\">Der Autor \u00fcbernimmt keinerlei Gew\u00e4hr f\u00fcr die Aktualit\u00e4t, Korrektheit, Vollst\u00e4ndigkeit oder Qualit\u00e4t der bereitgestellten Informationen. Haftungsanspr\u00fcche, die durch die Nutzung der dargebotenen Informationen, einschlie\u00dflich jeglicher Art von Informationen, die unvollst\u00e4ndig oder unrichtig verursacht wurden, sind daher zur\u00fcckzuweisen.<br \/>Alle Angebote sind freibleibend und unverbindlich.&nbsp;Teile der Seiten oder das gesamte Angebot einschlie\u00dflich aller Angebote und Informationen k\u00f6nnen verl\u00e4ngert werden, ver\u00e4ndert oder teilweise oder vollst\u00e4ndig durch den Autor ohne gesonderte Ank\u00fcndigung gel\u00f6scht.<\/td>\n<\/tr>\n<tr>\n<td colspan=\"2\">\n<hr>\n<\/td>\n<\/tr>\n<tr>\n<td><strong>Referrals and links<\/strong><\/td>\n<td><strong>Verweise und Links<\/strong><\/td>\n<\/tr>\n<tr style=\"font-size: 8pt;\" align=\"left\" valign=\"top\">\n<td>The author is not responsible for any contents linked or referred to from his pages &#8211; unless he has full knowledge of illegal contents and would be able to prevent the visitors of his site from viewing those pages. If any damage occurs by the use of information presented there, only the author of the respective pages might be liable, not the one who has linked to these pages. Furthermore the author is not liable for any postings or messages published by users of discussion boards, guestbooks or mailinglists provided on his page.<\/td>\n<td>Der Autor ist nicht verantwortlich f\u00fcr irgendwelche direkten oder indirekten Verweisen auf fremde Internetseiten, sofern er nicht in voller Kenntnis von rechtswidrigen Inhalten und der Lage ist, die Besucher seiner Website vor dem Betrachten dieser fremden Inhalte zu sch\u00fctzen.&nbsp;Wenn irgendein Schaden durch die Nutzung solcherart dargebotener Informationen entstehen, ist allein der Anbieter der jeweiligen Seiten haftbar, nicht der Autor, welcher die fremde Seite verlinkt hat.&nbsp;Der Autor haftet nicht f\u00fcr Postings oder Nachrichten von den Nutzern der Diskussionsforen, G\u00e4steb\u00fcchern oder Mailinglisten dieser Seite.<\/td>\n<\/tr>\n<tr>\n<td colspan=\"2\">\n<hr>\n<\/td>\n<\/tr>\n<tr>\n<td><strong>Copyright<\/strong><\/td>\n<td><strong>Copyright<\/strong><\/td>\n<\/tr>\n<tr style=\"font-size: 8pt;\" align=\"left\" valign=\"top\">\n<td>The author intended not to use any copyrighted material for the publication or, if not possible, to indicate the copyright of the respective object.<br \/>The copyright for any material created by the author is reserved. Any duplication or use of objects such as images, diagrams, sounds or texts in other electronic or printed publications is not permitted without the author&#8217;s agreement.<\/td>\n<td>Der Autor ist bestrebt, kein urheberrechtlich gesch\u00fctztes Material f\u00fcr die Ver\u00f6ffentlichung zu verwenden oder, falls nicht m\u00f6glich, den Urheberrechtsinhaber des jeweiligen Materials anzugeben.<br \/>Das Copyright f\u00fcr ver\u00f6ffentlichte, vom Autor selbst erstellte Materialien bleibt allein beim Autor.&nbsp;Eine Vervielf\u00e4ltigung oder Verwendung solcher Grafiken, Tondokumente, Videosequenzen und Texte in anderen elektronischen oder gedruckten Publikationen ist ohne ausdr\u00fcckliche Zustimmung des Autors nicht gestattet.<\/td>\n<\/tr>\n<tr>\n<td colspan=\"2\">\n<hr>\n<\/td>\n<\/tr>\n<tr>\n<td><strong>Privacy policy<\/strong><\/td>\n<td><strong>Datenschutz<\/strong><\/td>\n<\/tr>\n<tr style=\"font-size: 8pt;\" align=\"left\" valign=\"top\">\n<td>If the opportunity for the input of personal or business data (email addresses, name, addresses) is given, the input of these data takes place voluntarily. The use of all offered services are permitted &#8211; if and so far technically possible and reasonable &#8211; without specification of any personal data or under specification of anonymized data or an alias. The use of published postal addresses, telephone or fax numbers and email addresses for marketing purposes is prohibited, offenders sending unwanted spam messages will be punished.<\/td>\n<td>Sofern die M\u00f6glichkeit gegeben ist, pers\u00f6nliche oder gesch\u00e4ftliche Daten wie Namen, E-Mail-Adressen oder Adressen anzugeben, so geschieht dies stets freiwillig. &nbsp;Die Inanspruchnahme aller angebotenen Dienste ist &#8211; soweit technisch m\u00f6glich und zumutbar &#8211; auch ohne Angabe solcher Daten bzw. unter Angabe anonymisierter Daten oder eines Pseudonyms gestattet.<span style=\"color: #444444;\"> Die Nutzung der ver\u00f6ffentlichten Kontaktdaten wie Postanschriften, Telefon-und Faxnummern sowie E-Mail-Adressen durch Dritte f\u00fcr Marketing-Zwecke ist untersagt, Versender von Spam-Mails werden bestraft.<\/span><\/td>\n<\/tr>\n<tr>\n<td colspan=\"2\">\n<hr>\n<\/td>\n<\/tr>\n<tr>\n<td><strong>Legal validity<\/strong><\/td>\n<td><strong>Rechtliche G\u00fcltigkeit<\/strong><\/td>\n<\/tr>\n<tr style=\"font-size: 8pt;\" align=\"left\" valign=\"top\">\n<td>This disclaimer is to be regarded as part of the internet publication which you were referred from. If sections or individual terms of this statement are not legal or correct, the content or validity of the other parts remain uninfluenced by this fact.<\/td>\n<td>Dieses Impressum ist Teil des Internetangebotes dieser Webseite. Falls Teile oder Abschnitte dieses Impressums nicht g\u00fcltig oder korrekt sein sollten, so bleiben die restlichen Teile des Impressums hiervon unbenommen.<\/td>\n<\/tr>\n<tr>\n<td colspan=\"2\">\n<hr>\n<\/td>\n<\/tr>\n<tr>\n<td><strong>No <\/strong><span style=\"color: #444444;\"><strong>dissuasion without prior contact!<\/strong><\/span><\/td>\n<td><strong>Keine Abmahnung ohne Kontakt!<\/strong><\/td>\n<\/tr>\n<tr style=\"font-size: 8pt;\" align=\"left\" valign=\"top\">\n<td>If the content or the presentation of these sites infringe the rights of third parties or statutory provisions, we ask for an appropriate message without any costs.&nbsp;The removal of these pages may not take place without our consent.&nbsp;We guarantee that the disputed about will be removed immediately, without the need on your side to involve a lawyer.&nbsp;Those costs without prior contact will be completely rejected and we&#8217;ll file a counterclaim for violation of this provision.<\/td>\n<td><span style=\"border-collapse: separate;\"><span style=\"border-collapse: collapse;\">Sollte der Inhalt oder die Aufmachung dieser Seiten fremde Rechte Dritter oder gesetzliche Bestimmungen verletzen, so bitten wir um eine entsprechende Nachricht ohne Kostennote. Die Beseitigung einer m\u00f6glicherweise von diesen Seiten ausgehenden Schutzrechts-Verletzung durch Schutzrechte-Inhaber\/innen selbst darf nicht ohne unsere Zustimmung stattfinden. Wir garantieren, dass die zu Recht beanstandeten Passagen unverz\u00fcglich entfernt werden, ohne dass von Ihrer Seite die Einschaltung eines Rechtsbeistandes erforderlich ist. Die von Ihnen ohne vorherige Kontaktaufnahme ausgel\u00f6ste Kosten werden wir vollumf\u00e4nglich zur\u00fcckweisen und gegebenenfalls Gegenklage wegen Verletzung vorgenannter Bestimmung einreichen.<\/span><\/span><\/td>\n<\/tr>\n<\/tbody>\n<\/table>\n","protected":false},"excerpt":{"rendered":"<p>Thomas Gerickethomas@thomasgericke.dePhone number upon request \/\/ Telefonnummer auf Anfrage I&#8217;d like to introduce myself. May I? I&#8217;m kind of a normal German guy, born in 1976, raised in northern Germany, now living in Nuremberg, Bavaria, southern Germany. To make my money, I work hard and most of the time as a leading IT-Specialist since 1998. [&hellip;]<\/p>\n","protected":false},"author":1,"featured_media":0,"parent":0,"menu_order":0,"comment_status":"closed","ping_status":"closed","template":"","meta":{"_monsterinsights_skip_tracking":false,"_monsterinsights_sitenote_active":false,"_monsterinsights_sitenote_note":"","_monsterinsights_sitenote_category":0,"ngg_post_thumbnail":0,"footnotes":""},"class_list":["post-2","page","type-page","status-publish","hentry"],"aioseo_notices":[],"_links":{"self":[{"href":"https:\/\/www.thomasgericke.de\/v4\/interactive\/blog\/wp-json\/wp\/v2\/pages\/2","targetHints":{"allow":["GET"]}}],"collection":[{"href":"https:\/\/www.thomasgericke.de\/v4\/interactive\/blog\/wp-json\/wp\/v2\/pages"}],"about":[{"href":"https:\/\/www.thomasgericke.de\/v4\/interactive\/blog\/wp-json\/wp\/v2\/types\/page"}],"author":[{"embeddable":true,"href":"https:\/\/www.thomasgericke.de\/v4\/interactive\/blog\/wp-json\/wp\/v2\/users\/1"}],"replies":[{"embeddable":true,"href":"https:\/\/www.thomasgericke.de\/v4\/interactive\/blog\/wp-json\/wp\/v2\/comments?post=2"}],"version-history":[{"count":19,"href":"https:\/\/www.thomasgericke.de\/v4\/interactive\/blog\/wp-json\/wp\/v2\/pages\/2\/revisions"}],"predecessor-version":[{"id":13418,"href":"https:\/\/www.thomasgericke.de\/v4\/interactive\/blog\/wp-json\/wp\/v2\/pages\/2\/revisions\/13418"}],"wp:attachment":[{"href":"https:\/\/www.thomasgericke.de\/v4\/interactive\/blog\/wp-json\/wp\/v2\/media?parent=2"}],"curies":[{"name":"wp","href":"https:\/\/api.w.org\/{rel}","templated":true}]}}